{"id":1937,"date":"2022-05-24T15:28:01","date_gmt":"2022-05-24T13:28:01","guid":{"rendered":"https:\/\/www.camping-aubigny.com\/camping-piscine-chauffee-aubigny-sur-nere\/"},"modified":"2022-10-13T11:33:23","modified_gmt":"2022-10-13T09:33:23","slug":"camping-piscotheek-verwarmd-aubigny-sur-nere","status":"publish","type":"page","link":"https:\/\/www.camping-aubigny.com\/nl\/camping-piscotheek-verwarmd-aubigny-sur-nere\/","title":{"rendered":"Piscine"},"content":{"rendered":"<section id=\"ls-section-block_6295b975a6bb6\" class=\"ls-section  page-one has-p-t p-t-20 has-p-b p-b-14\" >\r\n        <div class=\"container container--wide\">\r\n        \n\n<div class=\"wp-block-columns is-layout-flex wp-container-core-columns-is-layout-9d6595d7 wp-block-columns-is-layout-flex\">\n<div class=\"wp-block-column is-vertically-aligned-center animated fadeInLeft delay-200ms is-layout-flow wp-block-column-is-layout-flow\" style=\"flex-basis:70%\">\n<figure class=\"wp-block-image size-large is-resized\"><img loading=\"lazy\" decoding=\"async\" src=\"https:\/\/www.camping-aubigny.com\/wp-content\/uploads\/2022\/09\/36371724_2380281825567516_6525210643056820224_n-1-1024x768.jpg\" alt=\"piscine famille camping\" class=\"wp-image-1192\" width=\"865\" height=\"650\" srcset=\"https:\/\/www.camping-aubigny.com\/wp-content\/uploads\/2022\/09\/36371724_2380281825567516_6525210643056820224_n-1-1024x768.jpg 1024w, https:\/\/www.camping-aubigny.com\/wp-content\/uploads\/2022\/09\/36371724_2380281825567516_6525210643056820224_n-1-300x225.jpg 300w, https:\/\/www.camping-aubigny.com\/wp-content\/uploads\/2022\/09\/36371724_2380281825567516_6525210643056820224_n-1-768x576.jpg 768w, https:\/\/www.camping-aubigny.com\/wp-content\/uploads\/2022\/09\/36371724_2380281825567516_6525210643056820224_n-1-1536x1152.jpg 1536w, https:\/\/www.camping-aubigny.com\/wp-content\/uploads\/2022\/09\/36371724_2380281825567516_6525210643056820224_n-1.jpg 1824w\" sizes=\"auto, (max-width: 865px) 100vw, 865px\" \/><\/figure>\n<\/div>\n\n\n\n<div class=\"wp-block-column is-vertically-aligned-center is-layout-flow wp-block-column-is-layout-flow\" style=\"flex-basis:30%\">\n<h1 class=\"ls__heading animated fadeInDown delay-200ms wp-block-heading\">Ontspannen in ons zwembad in Centre-Val de Loire<\/h1>\n\n\n\n<h2 class=\"ls-heading wp-block-heading\">Ideaal verblijf op onze camping met verwarmd zwembad in Aubigny<\/h2>\n\n\n\n<p class=\"ls-paragraph\">Het verwarmde zwembad van <a href=\"https:\/\/www.camping-aubigny.com\/nl\/\">Camping Les \u00c9tangs<\/a> is een <strong>heerlijke plek om te ontspannen,<\/strong> vooral als u met kinderen reist. Het water wordt verwarmd door zonnepanelen en de temperatuur van het water varieert van 25 tot 28\u00b0, afhankelijk van het weer. Deze temperatuur is perfect om in het water te spelen en een duik te nemen. Ons verwarmd zwembad in Aubigny is de perfecte plek om af te koelen tijdens de zomermaanden.&nbsp;<\/p>\n\n\n\n<p class=\"ls-paragraph\">Praktische informatie: Het grote zwembad meet 12 meter bij 7 meter met een constante diepte van 1,40 meter. Het peuterbad meet 5 bij 4 meter met een diepte van 20 centimeter, een glijbaan is ge\u00efnstalleerd voor het plezier van de kleintjes. De openingstijden zijn van 10.00 tot 20.00 uur van 15 mei tot 15 september.<\/p>\n<\/div>\n<\/div>\n\n\r\n    <\/div>\r\n<\/section>\n\n<section id=\"ls-section-block_6295dbc6500e9\" class=\"ls-section  page-parallax piscine has-background-image has-parallax has-p-b p-b-14\" >\r\n    <div class=\"ls-section__background-image opacity-100\"><img decoding=\"async\" src=\"https:\/\/www.camping-aubigny.com\/wp-content\/uploads\/2022\/09\/enfants-1.jpg\" alt=\"camping avec piscine a aubigny sur nereenfants\"><\/div>    <div class=\"container container--wide\">\r\n        \n\n<h2 class=\"ls__heading has-text-align-center piscine wp-block-heading\">Het peuterbad met glijbaan voor de kleintjes<\/h2>\n\n\n\n<p class=\"ls-paragraph has-text-align-center\">U zult genieten van zwemmen, ontspannen en spelen in ons verwarmde zwembad.&nbsp;<br>Terwijl u geniet van het grote zwembad, vermaken uw kinderen zich in het verwarmde peuterbad in Centre-Val de Loire.<\/p>\n\n\n\n<p class=\"ls-paragraph has-text-align-center\">Begeleid hen bij hun eerste stappen in het water en beleef een uniek <strong>moment van medeplichtigheid<\/strong>. We hebben ook een waterglijbaan voor uw kinderen.<\/p>\n\n\r\n    <\/div>\r\n<\/section>\n\n<section id=\"ls-section-block_6295e26a500ea\" class=\"ls-section  page-two has-p-t p-t-14 has-p-b p-b-14\" >\r\n        <div class=\"container container--wide\">\r\n        \n\n<div class=\"wp-block-columns is-layout-flex wp-container-core-columns-is-layout-9d6595d7 wp-block-columns-is-layout-flex\">\n<div class=\"wp-block-column is-vertically-aligned-center is-layout-flow wp-block-column-is-layout-flow\" style=\"flex-basis:30%\">\n<h2 class=\"ls-heading wp-block-heading\">Je beste kleurtje op de zonnebank<\/h2>\n\n\n\n<p class=\"ls-paragraph\">Het uitzicht op de grote vijver vanuit het zwembad <strong>nodigt uit tot ontspanning<\/strong>.&nbsp;<\/p>\n\n\n\n<p class=\"ls-paragraph\">Ons complex beschikt over een verwarmd zwembad, ideaal voor wie overdag wil zwemmen en daarna in Aubigny wil zonnebaden voor een perfect kleurtje.<\/p>\n\n\n\n<p class=\"ls-paragraph\">Als u klaar bent met spetteren, biedt onze bar aan het zwembad koude drankjes en snacks. Geniet vervolgens van de <a href=\"https:\/\/www.camping-aubigny.com\/nl\/camping-activiteiten-aubigny-sur-nere\/\">activiteiten op de camping<\/a> voor het plezier van het gezin.<\/p>\n\n\n\n<p class=\"ls-paragraph\">Pour votre confort, un bloc sanitaire a \u00e9t\u00e9 cr\u00e9\u00e9 \u00e0 l&#8217;entr\u00e9e de la piscine, il est compos\u00e9 de trois douches et deux WC. Une rampe d&#8217;acc\u00e8s et un sanitaire WC et douche r\u00e9pondent aux normes pour les personnes \u00e0 mobilit\u00e9 r\u00e9duite.<\/p>\n<\/div>\n\n\n\n<div class=\"wp-block-column is-vertically-aligned-center animated fadeInRight is-layout-flow wp-block-column-is-layout-flow\" style=\"flex-basis:70%\">\n<figure class=\"wp-block-image size-full is-resized\"><a href=\"https:\/\/www.camping-aubigny.com\/wp-content\/uploads\/2022\/09\/bain-de-soleil-detente-camping-piscine.jpg\"><img loading=\"lazy\" decoding=\"async\" src=\"https:\/\/www.camping-aubigny.com\/wp-content\/uploads\/2022\/09\/bain-de-soleil-detente-camping-piscine.jpg\" alt=\"bain de soleil detente piscine\n\" class=\"wp-image-1204\" width=\"865\" height=\"650\" srcset=\"https:\/\/www.camping-aubigny.com\/wp-content\/uploads\/2022\/09\/bain-de-soleil-detente-camping-piscine.jpg 700w, https:\/\/www.camping-aubigny.com\/wp-content\/uploads\/2022\/09\/bain-de-soleil-detente-camping-piscine-300x225.jpg 300w\" sizes=\"auto, (max-width: 865px) 100vw, 865px\" \/><\/a><\/figure>\n<\/div>\n<\/div>\n\n\r\n    <\/div>\r\n<\/section>\n\n<section id=\"ls-section-block_6295e6b1500eb\" class=\"ls-section  page-avis has-p-t p-t-26 has-p-b p-b-14\" >\r\n        <div class=\"container \">\r\n        \n\n<div id=\"ls-heading ls-titre-div-block_6295e6d8500ec\" class=\"ls-titre-div aligncenter h2-like\" >\n    De mening van onze klanten<\/div>\n\n\n<div class=\"avis-container\"><div class=\"avis\"><div class=\"avis-content\"><p>Wij verbleven een weekend op deze camping en huurden een stacaravan. We werden zeer goed ontvangen. De eigenaren zijn zeer attent, de bungalows zijn zeer schoon, het uitzicht op het meer is prachtig. Echt top, vooral omdat het restaurant ook erg goed is. Om zonder zorgen aan te bevelen.<\/p>\n<\/div><div class=\"avis-note\">\n\t\t\t\t\t\t\t<span><i class=\"etangs_etoile-etoile\"><\/i><\/span><span><i class=\"etangs_etoile-etoile\"><\/i><\/span><span><i class=\"etangs_etoile-etoile\"><\/i><\/span><span><i class=\"etangs_etoile-etoile\"><\/i><\/span><span><i class=\"etangs_etoile-etoile\"><\/i><\/span>\n\t\t\t\t\t\t\t<\/div><div class=\"avis-name\">Dominique B.<\/div><\/div><div class=\"avis\"><div class=\"avis-content\"><p>Mooi, rustgevend. Heel huiselijk. Echt top.<\/p>\n<\/div><div class=\"avis-note\">\n\t\t\t\t\t\t\t<span><i class=\"etangs_etoile-etoile\"><\/i><\/span><span><i class=\"etangs_etoile-etoile\"><\/i><\/span><span><i class=\"etangs_etoile-etoile\"><\/i><\/span><span><i class=\"etangs_etoile-etoile\"><\/i><\/span><span><i class=\"etangs_etoile-etoile\"><\/i><\/span>\n\t\t\t\t\t\t\t<\/div><div class=\"avis-name\">Alexien M.<\/div><\/div><div class=\"avis\"><div class=\"avis-content\"><p>Een prachtige camping, zeer goed uitgerust. Grote open ruimtes, zeer aangename natuurlijke omgeving. En om niets te bederven, zeer goede ontvangst. Alle winkels in de buurt. We komen met plezier terug.<\/p>\n<\/div><div class=\"avis-note\">\n\t\t\t\t\t\t\t<span><i class=\"etangs_etoile-etoile\"><\/i><\/span><span><i class=\"etangs_etoile-etoile\"><\/i><\/span><span><i class=\"etangs_etoile-etoile\"><\/i><\/span><span><i class=\"etangs_etoile-etoile\"><\/i><\/span><span><i class=\"etangs_etoile-etoile\"><\/i><\/span>\n\t\t\t\t\t\t\t<\/div><div class=\"avis-name\">Dani\u00e8le S.<\/div><\/div><\/div>\n\n\r\n    <\/div>\r\n<\/section>\n\n<section id=\"ls-section-block_6295f21b4bac5\" class=\"ls-section  maillage has-p-t p-t-14 has-p-b p-b-14\" >\r\n        <div class=\"container container--wide\">\r\n        \n\n<div id=\"ls-heading ls-titre-div-block_6295fca44bac7\" class=\"ls-titre-div aligncenter h2-like\" >\n    Ontdek de diensten en activiteiten van onze camping <\/div>\n\n\n<div id=\"ls-maillage-block_6295f2304bac6\" class=\"ls-maillage cta-style-normal\" data-rows=\"3\">\r\n    <div class=\"wp-block-columns\"><div class=\"wp-block-column\">\n\n<a href=\"https:\/\/www.camping-aubigny.com\/nl\/camping-activiteiten-aubigny-sur-nere\/\" target=\"\" rel=\"noopener\" class=\"ls-cta__link\">\n\n\t<div class=\"ls-cta__image\"><img decoding=\"async\" src=\"https:\/\/www.camping-aubigny.com\/wp-content\/uploads\/2022\/09\/enfants-activites.jpg\" alt=\"activit\u00e9s animation\"><\/div>\n\t<div class=\"ls-cta__title\">\n\t\tAnimaties en activiteiten\t<\/div>\n\n\t\t\n<\/a><\/div><div class=\"wp-block-column\">\n\n<a href=\"https:\/\/www.camping-aubigny.com\/nl\/camping-vissen-aubigny-sur-nere\/\" target=\"\" rel=\"noopener\" class=\"ls-cta__link\">\n\n\t<div class=\"ls-cta__image\"><img decoding=\"async\" src=\"https:\/\/www.camping-aubigny.com\/wp-content\/uploads\/2022\/05\/camping-en-centre-val-de-loire-768x512.jpg\" alt=\"camping en centre val de loire\"><\/div>\n\t<div class=\"ls-cta__title\">\n\t\tVijver en vissen\t<\/div>\n\n\t\t\n<\/a><\/div><div class=\"wp-block-column\">\n\n<a href=\"https:\/\/www.camping-aubigny.com\/nl\/kamperen-familiaal-aubigny-sur-nere\/\" target=\"\" rel=\"noopener\" class=\"ls-cta__link\">\n\n\t<div class=\"ls-cta__image\"><img decoding=\"async\" src=\"https:\/\/www.camping-aubigny.com\/wp-content\/uploads\/2022\/09\/camping-famille-sourire.jpg\" alt=\"camping famille sourire\"><\/div>\n\t<div class=\"ls-cta__title\">\n\t\tDiensten\t<\/div>\n\n\t\t\n<\/a><\/div><\/div><\/div>\n\r\n    <\/div>\r\n<\/section>","protected":false},"excerpt":{"rendered":"","protected":false},"author":1,"featured_media":3374,"parent":0,"menu_order":0,"comment_status":"closed","ping_status":"closed","template":"","meta":{"_acf_changed":false,"footnotes":""},"sujet":[],"class_list":["post-1937","page","type-page","status-publish","has-post-thumbnail","hentry"],"acf":[],"yoast_head":"<!-- This site is optimized with the Yoast SEO plugin v25.3 - https:\/\/yoast.com\/wordpress\/plugins\/seo\/ -->\n<title>Camping verwarmd zwembad Aubigny | Zwembad Centrum Val de Loire<\/title>\n<meta name=\"robots\" content=\"index, follow, max-snippet:-1, max-image-preview:large, max-video-preview:-1\" \/>\n<link rel=\"canonical\" href=\"https:\/\/www.camping-aubigny.com\/nl\/camping-piscotheek-verwarmd-aubigny-sur-nere\/\" \/>\n<meta property=\"og:locale\" content=\"nl_NL\" \/>\n<meta property=\"og:type\" content=\"article\" \/>\n<meta property=\"og:title\" content=\"Camping verwarmd zwembad Aubigny | Zwembad Centrum Val de Loire\" \/>\n<meta property=\"og:url\" content=\"https:\/\/www.camping-aubigny.com\/nl\/camping-piscotheek-verwarmd-aubigny-sur-nere\/\" \/>\n<meta property=\"og:site_name\" content=\"Camping des Etangs ****\" \/>\n<meta property=\"article:modified_time\" content=\"2022-10-13T09:33:23+00:00\" \/>\n<meta property=\"og:image\" content=\"https:\/\/www.camping-aubigny.com\/wp-content\/uploads\/2022\/10\/camping-piscine-aubigny-1.jpg\" \/>\n\t<meta property=\"og:image:width\" content=\"1900\" \/>\n\t<meta property=\"og:image:height\" content=\"610\" \/>\n\t<meta property=\"og:image:type\" content=\"image\/jpeg\" \/>\n<meta name=\"twitter:card\" content=\"summary_large_image\" \/>\n<meta name=\"twitter:label1\" content=\"Geschatte leestijd\" \/>\n\t<meta name=\"twitter:data1\" content=\"3 minuten\" \/>\n<script type=\"application\/ld+json\" class=\"yoast-schema-graph\">{\"@context\":\"https:\/\/schema.org\",\"@graph\":[{\"@type\":\"WebPage\",\"@id\":\"https:\/\/www.camping-aubigny.com\/nl\/camping-piscotheek-verwarmd-aubigny-sur-nere\/\",\"url\":\"https:\/\/www.camping-aubigny.com\/nl\/camping-piscotheek-verwarmd-aubigny-sur-nere\/\",\"name\":\"Camping verwarmd zwembad Aubigny | Zwembad Centrum Val de Loire\",\"isPartOf\":{\"@id\":\"https:\/\/www.camping-aubigny.com\/#website\"},\"primaryImageOfPage\":{\"@id\":\"https:\/\/www.camping-aubigny.com\/nl\/camping-piscotheek-verwarmd-aubigny-sur-nere\/#primaryimage\"},\"image\":{\"@id\":\"https:\/\/www.camping-aubigny.com\/nl\/camping-piscotheek-verwarmd-aubigny-sur-nere\/#primaryimage\"},\"thumbnailUrl\":\"https:\/\/www.camping-aubigny.com\/wp-content\/uploads\/2026\/02\/372917118_790875959708848_5446865515957724924_n-002.jpg\",\"datePublished\":\"2022-05-24T13:28:01+00:00\",\"dateModified\":\"2022-10-13T09:33:23+00:00\",\"breadcrumb\":{\"@id\":\"https:\/\/www.camping-aubigny.com\/nl\/camping-piscotheek-verwarmd-aubigny-sur-nere\/#breadcrumb\"},\"inLanguage\":\"nl-NL\",\"potentialAction\":[{\"@type\":\"ReadAction\",\"target\":[\"https:\/\/www.camping-aubigny.com\/nl\/camping-piscotheek-verwarmd-aubigny-sur-nere\/\"]}]},{\"@type\":\"ImageObject\",\"inLanguage\":\"nl-NL\",\"@id\":\"https:\/\/www.camping-aubigny.com\/nl\/camping-piscotheek-verwarmd-aubigny-sur-nere\/#primaryimage\",\"url\":\"https:\/\/www.camping-aubigny.com\/wp-content\/uploads\/2026\/02\/372917118_790875959708848_5446865515957724924_n-002.jpg\",\"contentUrl\":\"https:\/\/www.camping-aubigny.com\/wp-content\/uploads\/2026\/02\/372917118_790875959708848_5446865515957724924_n-002.jpg\",\"width\":1536,\"height\":2048},{\"@type\":\"BreadcrumbList\",\"@id\":\"https:\/\/www.camping-aubigny.com\/nl\/camping-piscotheek-verwarmd-aubigny-sur-nere\/#breadcrumb\",\"itemListElement\":[{\"@type\":\"ListItem\",\"position\":1,\"name\":\"Kamperen in Cher\",\"item\":\"https:\/\/www.camping-aubigny.com\/nl\/\"},{\"@type\":\"ListItem\",\"position\":2,\"name\":\"Camping met verwarmd zwembad in Aubigny\"}]},{\"@type\":\"WebSite\",\"@id\":\"https:\/\/www.camping-aubigny.com\/#website\",\"url\":\"https:\/\/www.camping-aubigny.com\/\",\"name\":\"Camping des Etangs ****\",\"description\":\"\",\"publisher\":{\"@id\":\"https:\/\/www.camping-aubigny.com\/#organization\"},\"potentialAction\":[{\"@type\":\"SearchAction\",\"target\":{\"@type\":\"EntryPoint\",\"urlTemplate\":\"https:\/\/www.camping-aubigny.com\/?s={search_term_string}\"},\"query-input\":{\"@type\":\"PropertyValueSpecification\",\"valueRequired\":true,\"valueName\":\"search_term_string\"}}],\"inLanguage\":\"nl-NL\"},{\"@type\":\"Organization\",\"@id\":\"https:\/\/www.camping-aubigny.com\/#organization\",\"name\":\"Camping des \u00e9tangs\",\"url\":\"https:\/\/www.camping-aubigny.com\/\",\"logo\":{\"@type\":\"ImageObject\",\"inLanguage\":\"nl-NL\",\"@id\":\"https:\/\/www.camping-aubigny.com\/#\/schema\/logo\/image\/\",\"url\":\"https:\/\/www.camping-aubigny.com\/wp-content\/uploads\/2022\/05\/logo_camping-des-etangs-sans-fond.png\",\"contentUrl\":\"https:\/\/www.camping-aubigny.com\/wp-content\/uploads\/2022\/05\/logo_camping-des-etangs-sans-fond.png\",\"width\":237,\"height\":208,\"caption\":\"Camping des \u00e9tangs\"},\"image\":{\"@id\":\"https:\/\/www.camping-aubigny.com\/#\/schema\/logo\/image\/\"}}]}<\/script>\n<!-- \/ Yoast SEO plugin. -->","yoast_head_json":{"title":"Camping verwarmd zwembad Aubigny | Zwembad Centrum Val de Loire","robots":{"index":"index","follow":"follow","max-snippet":"max-snippet:-1","max-image-preview":"max-image-preview:large","max-video-preview":"max-video-preview:-1"},"canonical":"https:\/\/www.camping-aubigny.com\/nl\/camping-piscotheek-verwarmd-aubigny-sur-nere\/","og_locale":"nl_NL","og_type":"article","og_title":"Camping verwarmd zwembad Aubigny | Zwembad Centrum Val de Loire","og_url":"https:\/\/www.camping-aubigny.com\/nl\/camping-piscotheek-verwarmd-aubigny-sur-nere\/","og_site_name":"Camping des Etangs ****","article_modified_time":"2022-10-13T09:33:23+00:00","og_image":[{"width":1900,"height":610,"url":"https:\/\/www.camping-aubigny.com\/wp-content\/uploads\/2022\/10\/camping-piscine-aubigny-1.jpg","type":"image\/jpeg"}],"twitter_card":"summary_large_image","twitter_misc":{"Geschatte leestijd":"3 minuten"},"schema":{"@context":"https:\/\/schema.org","@graph":[{"@type":"WebPage","@id":"https:\/\/www.camping-aubigny.com\/nl\/camping-piscotheek-verwarmd-aubigny-sur-nere\/","url":"https:\/\/www.camping-aubigny.com\/nl\/camping-piscotheek-verwarmd-aubigny-sur-nere\/","name":"Camping verwarmd zwembad Aubigny | Zwembad Centrum Val de Loire","isPartOf":{"@id":"https:\/\/www.camping-aubigny.com\/#website"},"primaryImageOfPage":{"@id":"https:\/\/www.camping-aubigny.com\/nl\/camping-piscotheek-verwarmd-aubigny-sur-nere\/#primaryimage"},"image":{"@id":"https:\/\/www.camping-aubigny.com\/nl\/camping-piscotheek-verwarmd-aubigny-sur-nere\/#primaryimage"},"thumbnailUrl":"https:\/\/www.camping-aubigny.com\/wp-content\/uploads\/2026\/02\/372917118_790875959708848_5446865515957724924_n-002.jpg","datePublished":"2022-05-24T13:28:01+00:00","dateModified":"2022-10-13T09:33:23+00:00","breadcrumb":{"@id":"https:\/\/www.camping-aubigny.com\/nl\/camping-piscotheek-verwarmd-aubigny-sur-nere\/#breadcrumb"},"inLanguage":"nl-NL","potentialAction":[{"@type":"ReadAction","target":["https:\/\/www.camping-aubigny.com\/nl\/camping-piscotheek-verwarmd-aubigny-sur-nere\/"]}]},{"@type":"ImageObject","inLanguage":"nl-NL","@id":"https:\/\/www.camping-aubigny.com\/nl\/camping-piscotheek-verwarmd-aubigny-sur-nere\/#primaryimage","url":"https:\/\/www.camping-aubigny.com\/wp-content\/uploads\/2026\/02\/372917118_790875959708848_5446865515957724924_n-002.jpg","contentUrl":"https:\/\/www.camping-aubigny.com\/wp-content\/uploads\/2026\/02\/372917118_790875959708848_5446865515957724924_n-002.jpg","width":1536,"height":2048},{"@type":"BreadcrumbList","@id":"https:\/\/www.camping-aubigny.com\/nl\/camping-piscotheek-verwarmd-aubigny-sur-nere\/#breadcrumb","itemListElement":[{"@type":"ListItem","position":1,"name":"Kamperen in Cher","item":"https:\/\/www.camping-aubigny.com\/nl\/"},{"@type":"ListItem","position":2,"name":"Camping met verwarmd zwembad in Aubigny"}]},{"@type":"WebSite","@id":"https:\/\/www.camping-aubigny.com\/#website","url":"https:\/\/www.camping-aubigny.com\/","name":"Camping des Etangs ****","description":"","publisher":{"@id":"https:\/\/www.camping-aubigny.com\/#organization"},"potentialAction":[{"@type":"SearchAction","target":{"@type":"EntryPoint","urlTemplate":"https:\/\/www.camping-aubigny.com\/?s={search_term_string}"},"query-input":{"@type":"PropertyValueSpecification","valueRequired":true,"valueName":"search_term_string"}}],"inLanguage":"nl-NL"},{"@type":"Organization","@id":"https:\/\/www.camping-aubigny.com\/#organization","name":"Camping des \u00e9tangs","url":"https:\/\/www.camping-aubigny.com\/","logo":{"@type":"ImageObject","inLanguage":"nl-NL","@id":"https:\/\/www.camping-aubigny.com\/#\/schema\/logo\/image\/","url":"https:\/\/www.camping-aubigny.com\/wp-content\/uploads\/2022\/05\/logo_camping-des-etangs-sans-fond.png","contentUrl":"https:\/\/www.camping-aubigny.com\/wp-content\/uploads\/2022\/05\/logo_camping-des-etangs-sans-fond.png","width":237,"height":208,"caption":"Camping des \u00e9tangs"},"image":{"@id":"https:\/\/www.camping-aubigny.com\/#\/schema\/logo\/image\/"}}]}},"_links":{"self":[{"href":"https:\/\/www.camping-aubigny.com\/nl\/wp-json\/wp\/v2\/pages\/1937","targetHints":{"allow":["GET"]}}],"collection":[{"href":"https:\/\/www.camping-aubigny.com\/nl\/wp-json\/wp\/v2\/pages"}],"about":[{"href":"https:\/\/www.camping-aubigny.com\/nl\/wp-json\/wp\/v2\/types\/page"}],"author":[{"embeddable":true,"href":"https:\/\/www.camping-aubigny.com\/nl\/wp-json\/wp\/v2\/users\/1"}],"replies":[{"embeddable":true,"href":"https:\/\/www.camping-aubigny.com\/nl\/wp-json\/wp\/v2\/comments?post=1937"}],"version-history":[{"count":9,"href":"https:\/\/www.camping-aubigny.com\/nl\/wp-json\/wp\/v2\/pages\/1937\/revisions"}],"predecessor-version":[{"id":2290,"href":"https:\/\/www.camping-aubigny.com\/nl\/wp-json\/wp\/v2\/pages\/1937\/revisions\/2290"}],"wp:featuredmedia":[{"embeddable":true,"href":"https:\/\/www.camping-aubigny.com\/nl\/wp-json\/wp\/v2\/media\/3374"}],"wp:attachment":[{"href":"https:\/\/www.camping-aubigny.com\/nl\/wp-json\/wp\/v2\/media?parent=1937"}],"wp:term":[{"taxonomy":"sujet","embeddable":true,"href":"https:\/\/www.camping-aubigny.com\/nl\/wp-json\/wp\/v2\/sujet?post=1937"}],"curies":[{"name":"wp","href":"https:\/\/api.w.org\/{rel}","templated":true}]}}